{"id":28,"date":"2023-01-16T15:23:10","date_gmt":"2023-01-16T14:23:10","guid":{"rendered":"https:\/\/jeanpaulamette.fr\/blog\/?page_id=28"},"modified":"2026-03-20T17:54:54","modified_gmt":"2026-03-20T16:54:54","slug":"page-daccueil","status":"publish","type":"page","link":"https:\/\/jeanpaulamette.fr\/blog\/page-daccueil\/","title":{"rendered":"\u00c0 Propos de l&rsquo;Artiste"},"content":{"rendered":"\n<p><\/p>\n\n\n\n<div class=\"wp-block-uagb-container uagb-block-513d8c4c alignfull uagb-is-root-container\"><div class=\"uagb-container-inner-blocks-wrap\">\n<div class=\"wp-block-uagb-advanced-heading uagb-block-343b39c6\"><h1 class=\"uagb-heading-text\">\u00c0 Propos de l\u2019Artiste<\/h1><\/div>\n\n\n\n<div class=\"wp-block-uagb-image uagb-block-cd440aaf wp-block-uagb-image--layout-default wp-block-uagb-image--effect-static wp-block-uagb-image--align-none\"><figure class=\"wp-block-uagb-image__figure\"><img data-recalc-dims=\"1\" decoding=\"async\" srcset=\"https:\/\/jeanpaulamette.fr\/blog\/wp-content\/uploads\/2026\/03\/Gemini_Generated_Image_9zilqj9zilqj9zil-edited.png ,https:\/\/jeanpaulamette.fr\/blog\/wp-content\/uploads\/2026\/03\/Gemini_Generated_Image_9zilqj9zilqj9zil.png 780w, https:\/\/jeanpaulamette.fr\/blog\/wp-content\/uploads\/2026\/03\/Gemini_Generated_Image_9zilqj9zilqj9zil.png 360w\" sizes=\"auto, (max-width: 480px) 150px\" src=\"https:\/\/i0.wp.com\/jeanpaulamette.fr\/blog\/wp-content\/uploads\/2026\/03\/Gemini_Generated_Image_9zilqj9zilqj9zil-edited.png?resize=830%2C676&ssl=1\" alt=\"\" class=\"uag-image-1935\" width=\"830\" height=\"676\" title=\"Gemini_Generated_Image_9zilqj9zilqj9zil\" loading=\"lazy\" role=\"img\"\/><\/figure><\/div>\n<\/div><\/div>\n\n\n\n<div class=\"wp-block-uagb-container uagb-block-1179214f alignfull uagb-is-root-container\"><div class=\"uagb-container-inner-blocks-wrap\">\n<div class=\"wp-block-uagb-advanced-heading uagb-block-ebbfa20d\"><h1 class=\"uagb-heading-text\">PEINDRE LA LUMI\u00c8RE, R\u00c9V\u00c9LER LA NATURE<\/h1><p class=\"uagb-desc-text\">Jean-Paul Amette, n\u00e9 le 15 mai 1953 aux Andelys, est un peintre dont l\u2019\u0153uvre s\u2019inscrit dans la tradition du paysage figuratif. Depuis plus de cinquante ans, il d\u00e9veloppe une peinture sensible et po\u00e9tique, o\u00f9 la lumi\u00e8re et les atmosph\u00e8res occupent une place essentielle.<br>Tr\u00e8s t\u00f4t, il se passionne pour l\u2019art et d\u00e9couvre, adolescent, les \u0153uvres des ma\u00eetres anciens et modernes \u00e0 la galerie Tuffier, aux Andelys. Cette immersion pr\u00e9coce forge son regard et nourrit une exigence artistique fond\u00e9e sur l\u2019observation, la rigueur et la patience. En 1973, il choisit de se consacrer pleinement \u00e0 la peinture.<br>Au fil des ann\u00e9es, son travail s\u2019expose dans de nombreuses villes, notamment aux Andelys, \u00e0 Vernon, Brou, Ch\u00e2teaudun ou Cloyes, o\u00f9 ses \u0153uvres rencontrent un public sensible \u00e0 son univers. En 1988, il int\u00e8gre la galerie ARTES, affirmant ainsi sa place parmi les artistes repr\u00e9sent\u00e9s. En 1996, il franchit une \u00e9tape importante avec une exposition en Belgique, ouvrant son parcours \u00e0 une dimension internationale.<br>L\u2019ann\u00e9e 1998 marque un tournant d\u00e9cisif avec la rencontre du peintre\u00a0Gaston Thiery. H\u00e9ritier du r\u00e9alisme po\u00e9tique et proche des grands impressionnistes comme\u00a0Claude Monet\u00a0ou\u00a0Armand Guillaumin, il lui transmet une approche approfondie de la lumi\u00e8re et du paysage. Cette influence renforce la sensibilit\u00e9 et la ma\u00eetrise d\u00e9j\u00e0 pr\u00e9sentes dans son travail.<br>Aujourd\u2019hui, les \u0153uvres de Jean-Paul Amette figurent dans des collections priv\u00e9es en Europe et aux \u00c9tats-Unis. Fid\u00e8le \u00e0 une vision authentique de la nature, il poursuit son exploration picturale avec la m\u00eame exigence, cherchant \u00e0 capter la lumi\u00e8re, les atmosph\u00e8res et l\u2019\u00e9motion du paysage.<\/p><\/div>\n\n\n\n<p><\/p>\n<\/div><\/div>\n\n\n\n<div class=\"wp-block-uagb-container uagb-block-bdafe7a9 alignfull uagb-is-root-container\"><div class=\"uagb-container-inner-blocks-wrap\">\n<blockquote class=\"wp-block-quote is-layout-flow wp-block-quote-is-layout-flow\">\n<p>\u00ab Aujourd\u2019hui, sans vouloir copier la facture de tel ou tel grand peintre, je me sens amoureux et \u00e9l\u00e8ve du grand ma\u00eetre de tous les vrais peintres paysagistes : la Nature, qui ne cesse de nourrir ma passion. \u00bb<\/p>\n<\/blockquote>\n<\/div><\/div>\n\n\n\n<p><\/p>\n","protected":false},"excerpt":{"rendered":"<p>\u00c0 Propos de l\u2019Artiste PEINDRE LA LUMI\u00c8RE, R\u00c9V\u00c9LER LA NATURE Jean-Paul Amette, n\u00e9 le 15 mai 1953 aux Andelys, est [&hellip;]<\/p>\n","protected":false},"author":2,"featured_media":0,"parent":0,"menu_order":0,"comment_status":"closed","ping_status":"closed","template":"","meta":{"_uag_custom_page_level_css":"","site-sidebar-layout":"default","site-content-layout":"","ast-site-content-layout":"full-width-container","site-content-style":"unboxed","site-sidebar-style":"default","ast-global-header-display":"","ast-banner-title-visibility":"disabled","ast-main-header-display":"","ast-hfb-above-header-display":"","ast-hfb-below-header-display":"","ast-hfb-mobile-header-display":"","site-post-title":"disabled","ast-breadcrumbs-content":"","ast-featured-img":"","footer-sml-layout":"","ast-disable-related-posts":"","theme-transparent-header-meta":"disabled","adv-header-id-meta":"","stick-header-meta":"","header-above-stick-meta":"","header-main-stick-meta":"","header-below-stick-meta":"","astra-migrate-meta-layouts":"default","ast-page-background-enabled":"default","ast-page-background-meta":{"desktop":{"background-color":"var(--ast-global-color-5)","background-image":"","background-repeat":"repeat","background-position":"center center","background-size":"auto","background-attachment":"scroll","background-type":"","background-media":"","overlay-type":"","overlay-color":"","overlay-opacity":"","overlay-gradient":""},"tablet":{"background-color":"","background-image":"","background-repeat":"repeat","background-position":"center center","background-size":"auto","background-attachment":"scroll","background-type":"","background-media":"","overlay-type":"","overlay-color":"","overlay-opacity":"","overlay-gradient":""},"mobile":{"background-color":"","background-image":"","background-repeat":"repeat","background-position":"center center","background-size":"auto","background-attachment":"scroll","background-type":"","background-media":"","overlay-type":"","overlay-color":"","overlay-opacity":"","overlay-gradient":""}},"ast-content-background-meta":{"desktop":{"background-color":"var(--ast-global-color-4)","background-image":"","background-repeat":"repeat","background-position":"center center","background-size":"auto","background-attachment":"scroll","background-type":"","background-media":"","overlay-type":"","overlay-color":"","overlay-opacity":"","overlay-gradient":""},"tablet":{"background-color":"var(--ast-global-color-4)","background-image":"","background-repeat":"repeat","background-position":"center center","background-size":"auto","background-attachment":"scroll","background-type":"","background-media":"","overlay-type":"","overlay-color":"","overlay-opacity":"","overlay-gradient":""},"mobile":{"background-color":"var(--ast-global-color-4)","background-image":"","background-repeat":"repeat","background-position":"center center","background-size":"auto","background-attachment":"scroll","background-type":"","background-media":"","overlay-type":"","overlay-color":"","overlay-opacity":"","overlay-gradient":""}},"advanced_seo_description":"","jetpack_seo_html_title":"","jetpack_seo_noindex":false,"footnotes":""},"class_list":["post-28","page","type-page","status-publish","hentry"],"uagb_featured_image_src":{"full":false,"thumbnail":false,"medium":false,"medium_large":false,"large":false,"1536x1536":false,"2048x2048":false},"uagb_author_info":{"display_name":"Maxime Cl\u00e9ment","author_link":"https:\/\/jeanpaulamette.fr\/blog\/author\/maximeclement\/"},"uagb_comment_info":0,"uagb_excerpt":"\u00c0 Propos de l\u2019Artiste PEINDRE LA LUMI\u00c8RE, R\u00c9V\u00c9LER LA NATURE Jean-Paul Amette, n\u00e9 le 15 mai 1953 aux Andelys, est [&hellip;]","jetpack_shortlink":"https:\/\/wp.me\/PevoJv-s","jetpack_sharing_enabled":true,"_links":{"self":[{"href":"https:\/\/jeanpaulamette.fr\/blog\/wp-json\/wp\/v2\/pages\/28","targetHints":{"allow":["GET"]}}],"collection":[{"href":"https:\/\/jeanpaulamette.fr\/blog\/wp-json\/wp\/v2\/pages"}],"about":[{"href":"https:\/\/jeanpaulamette.fr\/blog\/wp-json\/wp\/v2\/types\/page"}],"author":[{"embeddable":true,"href":"https:\/\/jeanpaulamette.fr\/blog\/wp-json\/wp\/v2\/users\/2"}],"replies":[{"embeddable":true,"href":"https:\/\/jeanpaulamette.fr\/blog\/wp-json\/wp\/v2\/comments?post=28"}],"version-history":[{"count":81,"href":"https:\/\/jeanpaulamette.fr\/blog\/wp-json\/wp\/v2\/pages\/28\/revisions"}],"predecessor-version":[{"id":1995,"href":"https:\/\/jeanpaulamette.fr\/blog\/wp-json\/wp\/v2\/pages\/28\/revisions\/1995"}],"wp:attachment":[{"href":"https:\/\/jeanpaulamette.fr\/blog\/wp-json\/wp\/v2\/media?parent=28"}],"curies":[{"name":"wp","href":"https:\/\/api.w.org\/{rel}","templated":true}]}}