{"id":411,"date":"2023-01-21T16:03:53","date_gmt":"2023-01-21T15:03:53","guid":{"rendered":"https:\/\/jeanpaulamette.fr\/blog\/?page_id=411"},"modified":"2023-01-28T10:39:50","modified_gmt":"2023-01-28T09:39:50","slug":"hiver","status":"publish","type":"page","link":"https:\/\/jeanpaulamette.fr\/blog\/hiver\/","title":{"rendered":"Hiver"},"content":{"rendered":"\n<p><\/p>\n\n\n\n<div class=\"wp-block-columns are-vertically-aligned-center is-layout-flex wp-container-core-columns-is-layout-28f84493 wp-block-columns-is-layout-flex\">\n<div class=\"wp-block-column is-vertically-aligned-center is-layout-flow wp-block-column-is-layout-flow\">\n<div class=\"wp-block-group is-layout-constrained wp-block-group-is-layout-constrained\">\n<figure class=\"wp-block-image size-large\"><img data-recalc-dims=\"1\" loading=\"lazy\" decoding=\"async\" width=\"1024\" height=\"773\" src=\"https:\/\/i0.wp.com\/jeanpaulamette.fr\/blog\/wp-content\/uploads\/2023\/01\/St-Pellerin.jpg?resize=1024%2C773&ssl=1\" alt=\"\" class=\"wp-image-635\" srcset=\"https:\/\/i0.wp.com\/jeanpaulamette.fr\/blog\/wp-content\/uploads\/2023\/01\/St-Pellerin.jpg?resize=1024%2C773&ssl=1 1024w, https:\/\/i0.wp.com\/jeanpaulamette.fr\/blog\/wp-content\/uploads\/2023\/01\/St-Pellerin.jpg?resize=300%2C226&ssl=1 300w, https:\/\/i0.wp.com\/jeanpaulamette.fr\/blog\/wp-content\/uploads\/2023\/01\/St-Pellerin.jpg?resize=768%2C579&ssl=1 768w, https:\/\/i0.wp.com\/jeanpaulamette.fr\/blog\/wp-content\/uploads\/2023\/01\/St-Pellerin.jpg?resize=1536%2C1159&ssl=1 1536w, https:\/\/i0.wp.com\/jeanpaulamette.fr\/blog\/wp-content\/uploads\/2023\/01\/St-Pellerin.jpg?resize=2048%2C1545&ssl=1 2048w\" sizes=\"auto, (max-width: 1000px) 100vw, 1000px\" \/><\/figure>\n\n\n\n<p style=\"font-size:14px\"><em><strong>Le village de Saint Pellerin<\/strong><\/em><br>Dans ce paisible paysage, les arbres \u00e9lancent leurs silhouettes dans le ciel p\u00e2le.<br><em>huile sur toile, 35 x27 cm<\/em><\/p>\n\n\n\n<hr class=\"wp-block-separator has-alpha-channel-opacity\"\/>\n\n\n\n<div class=\"wp-block-columns is-layout-flex wp-container-core-columns-is-layout-28f84493 wp-block-columns-is-layout-flex\">\n<div class=\"wp-block-column is-layout-flow wp-block-column-is-layout-flow\">\n<figure class=\"wp-block-image size-large is-style-default\"><img data-recalc-dims=\"1\" loading=\"lazy\" decoding=\"async\" width=\"1024\" height=\"841\" src=\"https:\/\/i0.wp.com\/jeanpaulamette.fr\/blog\/wp-content\/uploads\/2023\/01\/Le-moulin-de-Godebert.jpg?resize=1024%2C841&ssl=1\" alt=\"\" class=\"wp-image-633\" srcset=\"https:\/\/i0.wp.com\/jeanpaulamette.fr\/blog\/wp-content\/uploads\/2023\/01\/Le-moulin-de-Godebert-scaled.jpg?resize=1024%2C841&ssl=1 1024w, https:\/\/i0.wp.com\/jeanpaulamette.fr\/blog\/wp-content\/uploads\/2023\/01\/Le-moulin-de-Godebert-scaled.jpg?resize=300%2C246&ssl=1 300w, https:\/\/i0.wp.com\/jeanpaulamette.fr\/blog\/wp-content\/uploads\/2023\/01\/Le-moulin-de-Godebert-scaled.jpg?resize=768%2C631&ssl=1 768w, https:\/\/i0.wp.com\/jeanpaulamette.fr\/blog\/wp-content\/uploads\/2023\/01\/Le-moulin-de-Godebert-scaled.jpg?resize=1536%2C1262&ssl=1 1536w, https:\/\/i0.wp.com\/jeanpaulamette.fr\/blog\/wp-content\/uploads\/2023\/01\/Le-moulin-de-Godebert-scaled.jpg?resize=2048%2C1682&ssl=1 2048w\" sizes=\"auto, (max-width: 1000px) 100vw, 1000px\" \/><\/figure>\n\n\n\n<p style=\"font-size:14px\"><em><strong>Le moulin de Godebert<\/strong><\/em><br>L\u2019hiver, dans la neige, on peut voir les traces qu\u2019ont laiss\u00e9es les chevreuils, seuls habitants de ces lieux.<br><em>huile sur toile 35\u00d727 cm<\/em><\/p>\n<\/div>\n<\/div>\n\n\n\n<hr class=\"wp-block-separator has-alpha-channel-opacity\"\/>\n\n\n\n<div class=\"wp-block-columns is-layout-flex wp-container-core-columns-is-layout-28f84493 wp-block-columns-is-layout-flex\">\n<div class=\"wp-block-column is-layout-flow wp-block-column-is-layout-flow\">\n<figure class=\"wp-block-image size-full\"><img data-recalc-dims=\"1\" loading=\"lazy\" decoding=\"async\" width=\"765\" height=\"572\" src=\"https:\/\/i0.wp.com\/jeanpaulamette.fr\/blog\/wp-content\/uploads\/2023\/01\/Le-givre-a-Bouffry.jpg?resize=765%2C572&ssl=1\" alt=\"\" class=\"wp-image-631\" srcset=\"https:\/\/i0.wp.com\/jeanpaulamette.fr\/blog\/wp-content\/uploads\/2023\/01\/Le-givre-a-Bouffry.jpg?w=765&ssl=1 765w, https:\/\/i0.wp.com\/jeanpaulamette.fr\/blog\/wp-content\/uploads\/2023\/01\/Le-givre-a-Bouffry.jpg?resize=300%2C224&ssl=1 300w\" sizes=\"auto, (max-width: 765px) 100vw, 765px\" \/><\/figure>\n\n\n\n<p style=\"font-size:14px\"><em><strong>Givre \u00e0 Ruan<\/strong><\/em><br>Blottie au fond du chemin, la petite maison semble \u00eatre gard\u00e9e par le vieux ch\u00eane.<br><em>huile sur toile 35\u00d727 cm<\/em><\/p>\n\n\n\n<hr class=\"wp-block-separator has-alpha-channel-opacity\"\/>\n\n\n\n<div class=\"wp-block-columns is-layout-flex wp-container-core-columns-is-layout-28f84493 wp-block-columns-is-layout-flex\">\n<div class=\"wp-block-column is-layout-flow wp-block-column-is-layout-flow\">\n<figure class=\"wp-block-image size-large\"><img data-recalc-dims=\"1\" loading=\"lazy\" decoding=\"async\" width=\"1024\" height=\"810\" src=\"https:\/\/i0.wp.com\/jeanpaulamette.fr\/blog\/wp-content\/uploads\/2023\/01\/Lavoir-de-St-Pellerin.jpg?resize=1024%2C810&ssl=1\" alt=\"\" class=\"wp-image-629\" srcset=\"https:\/\/i0.wp.com\/jeanpaulamette.fr\/blog\/wp-content\/uploads\/2023\/01\/Lavoir-de-St-Pellerin.jpg?resize=1024%2C810&ssl=1 1024w, https:\/\/i0.wp.com\/jeanpaulamette.fr\/blog\/wp-content\/uploads\/2023\/01\/Lavoir-de-St-Pellerin.jpg?resize=300%2C237&ssl=1 300w, https:\/\/i0.wp.com\/jeanpaulamette.fr\/blog\/wp-content\/uploads\/2023\/01\/Lavoir-de-St-Pellerin.jpg?resize=768%2C608&ssl=1 768w, https:\/\/i0.wp.com\/jeanpaulamette.fr\/blog\/wp-content\/uploads\/2023\/01\/Lavoir-de-St-Pellerin.jpg?resize=1536%2C1216&ssl=1 1536w, https:\/\/i0.wp.com\/jeanpaulamette.fr\/blog\/wp-content\/uploads\/2023\/01\/Lavoir-de-St-Pellerin.jpg?resize=2048%2C1621&ssl=1 2048w\" sizes=\"auto, (max-width: 1000px) 100vw, 1000px\" \/><\/figure>\n\n\n\n<p style=\"font-size:14px\"><em><strong>Le lavoir de Saint Pellerin<\/strong><\/em><br>Ce midi, la fine neige avait recouvert le paysage d\u2019un voile blanc.<br><em>huile sur toile 81\u00d765 cm<\/em><\/p>\n<\/div>\n<\/div>\n<\/div>\n<\/div>\n<\/div>\n<\/div>\n\n\n\n<div class=\"wp-block-column is-vertically-aligned-center is-layout-flow wp-block-column-is-layout-flow\">\n<div class=\"wp-block-group is-layout-constrained wp-block-group-is-layout-constrained\">\n<div style=\"height:100px\" aria-hidden=\"true\" class=\"wp-block-spacer\"><\/div>\n\n\n\n<div class=\"wp-block-columns is-layout-flex wp-container-core-columns-is-layout-28f84493 wp-block-columns-is-layout-flex\">\n<div class=\"wp-block-column is-layout-flow wp-block-column-is-layout-flow\">\n<figure class=\"wp-block-image size-large\"><img data-recalc-dims=\"1\" loading=\"lazy\" decoding=\"async\" width=\"1024\" height=\"719\" src=\"https:\/\/i0.wp.com\/jeanpaulamette.fr\/blog\/wp-content\/uploads\/2023\/01\/Paysage-de-neige-Dampierre-sous-Brou.jpg?resize=1024%2C719&ssl=1\" alt=\"\" class=\"wp-image-634\" srcset=\"https:\/\/i0.wp.com\/jeanpaulamette.fr\/blog\/wp-content\/uploads\/2023\/01\/Paysage-de-neige-Dampierre-sous-Brou-scaled.jpg?resize=1024%2C719&ssl=1 1024w, https:\/\/i0.wp.com\/jeanpaulamette.fr\/blog\/wp-content\/uploads\/2023\/01\/Paysage-de-neige-Dampierre-sous-Brou-scaled.jpg?resize=300%2C211&ssl=1 300w, https:\/\/i0.wp.com\/jeanpaulamette.fr\/blog\/wp-content\/uploads\/2023\/01\/Paysage-de-neige-Dampierre-sous-Brou-scaled.jpg?resize=768%2C539&ssl=1 768w, https:\/\/i0.wp.com\/jeanpaulamette.fr\/blog\/wp-content\/uploads\/2023\/01\/Paysage-de-neige-Dampierre-sous-Brou-scaled.jpg?resize=1536%2C1078&ssl=1 1536w, https:\/\/i0.wp.com\/jeanpaulamette.fr\/blog\/wp-content\/uploads\/2023\/01\/Paysage-de-neige-Dampierre-sous-Brou-scaled.jpg?resize=2048%2C1437&ssl=1 2048w\" sizes=\"auto, (max-width: 1000px) 100vw, 1000px\" \/><\/figure>\n\n\n\n<p style=\"font-size:14px\"><em><strong>Neige \u00e0 la Cochardi\u00e8re<\/strong><\/em><br>A la lisi\u00e8re des bois, en cette fin d\u2019apr\u00e8s-midi, une br\u00e8vre apparition du soleil, avant qu\u2019il ne disparaisse \u00e0 l\u2019horizon.<br><em>huile sur toile 35\u00d727 cm<\/em><\/p>\n<\/div>\n<\/div>\n\n\n\n<hr class=\"wp-block-separator has-alpha-channel-opacity\"\/>\n\n\n\n<div class=\"wp-block-columns is-layout-flex wp-container-core-columns-is-layout-28f84493 wp-block-columns-is-layout-flex\">\n<div class=\"wp-block-column is-layout-flow wp-block-column-is-layout-flow\">\n<figure class=\"wp-block-image size-large\"><img data-recalc-dims=\"1\" loading=\"lazy\" decoding=\"async\" width=\"1024\" height=\"822\" src=\"https:\/\/i0.wp.com\/jeanpaulamette.fr\/blog\/wp-content\/uploads\/2023\/01\/Le-givre-a-Courtalain.jpg?resize=1024%2C822&ssl=1\" alt=\"\" class=\"wp-image-632\" srcset=\"https:\/\/i0.wp.com\/jeanpaulamette.fr\/blog\/wp-content\/uploads\/2023\/01\/Le-givre-a-Courtalain.jpg?resize=1024%2C822&ssl=1 1024w, https:\/\/i0.wp.com\/jeanpaulamette.fr\/blog\/wp-content\/uploads\/2023\/01\/Le-givre-a-Courtalain.jpg?resize=300%2C241&ssl=1 300w, https:\/\/i0.wp.com\/jeanpaulamette.fr\/blog\/wp-content\/uploads\/2023\/01\/Le-givre-a-Courtalain.jpg?resize=768%2C617&ssl=1 768w, https:\/\/i0.wp.com\/jeanpaulamette.fr\/blog\/wp-content\/uploads\/2023\/01\/Le-givre-a-Courtalain.jpg?resize=1536%2C1233&ssl=1 1536w, https:\/\/i0.wp.com\/jeanpaulamette.fr\/blog\/wp-content\/uploads\/2023\/01\/Le-givre-a-Courtalain.jpg?resize=2048%2C1644&ssl=1 2048w\" sizes=\"auto, (max-width: 1000px) 100vw, 1000px\" \/><\/figure>\n\n\n\n<p style=\"font-size:14px\"><strong>Le givre \u00e0 Courtalain<\/strong><br>Dans les frimas de l\u2019hiver, le givre par ces cristaux embellit le moindre petit brin d\u2019herbe.<br><em>huile sur toile 81\u00d765 cm<\/em><\/p>\n<\/div>\n<\/div>\n\n\n\n<hr class=\"wp-block-separator has-alpha-channel-opacity\"\/>\n\n\n\n<figure class=\"wp-block-image size-full\"><img data-recalc-dims=\"1\" loading=\"lazy\" decoding=\"async\" width=\"862\" height=\"588\" src=\"https:\/\/i0.wp.com\/jeanpaulamette.fr\/blog\/wp-content\/uploads\/2023\/01\/Le-chateau-Gaillard-e1674665731913.jpg?resize=862%2C588&ssl=1\" alt=\"\" class=\"wp-image-630\" srcset=\"https:\/\/i0.wp.com\/jeanpaulamette.fr\/blog\/wp-content\/uploads\/2023\/01\/Le-chateau-Gaillard-e1674665731913.jpg?w=862&ssl=1 862w, https:\/\/i0.wp.com\/jeanpaulamette.fr\/blog\/wp-content\/uploads\/2023\/01\/Le-chateau-Gaillard-e1674665731913.jpg?resize=300%2C205&ssl=1 300w, https:\/\/i0.wp.com\/jeanpaulamette.fr\/blog\/wp-content\/uploads\/2023\/01\/Le-chateau-Gaillard-e1674665731913.jpg?resize=768%2C524&ssl=1 768w\" sizes=\"auto, (max-width: 862px) 100vw, 862px\" \/><\/figure>\n\n\n\n<p style=\"font-size:14px\"><em><strong>Bords de Seine aux Andelys<\/strong><\/em><br>Ce soir d\u2019hiver, le soleil est venu embraser de ses derniers feux le rivage.<br><em>huile sur toile 55\u00d738 cm<\/em><\/p>\n<\/div>\n<\/div>\n<\/div>\n","protected":false},"excerpt":{"rendered":"<p>Le village de Saint PellerinDans ce paisible paysage, les arbres \u00e9lancent leurs silhouettes dans le ciel p\u00e2le.huile sur toile, 35 [&hellip;]<\/p>\n","protected":false},"author":2,"featured_media":0,"parent":0,"menu_order":0,"comment_status":"closed","ping_status":"closed","template":"","meta":{"_uag_custom_page_level_css":"","site-sidebar-layout":"default","site-content-layout":"","ast-site-content-layout":"default","site-content-style":"default","site-sidebar-style":"default","ast-global-header-display":"","ast-banner-title-visibility":"","ast-main-header-display":"","ast-hfb-above-header-display":"","ast-hfb-below-header-display":"","ast-hfb-mobile-header-display":"","site-post-title":"","ast-breadcrumbs-content":"","ast-featured-img":"","footer-sml-layout":"","ast-disable-related-posts":"","theme-transparent-header-meta":"","adv-header-id-meta":"","stick-header-meta":"","header-above-stick-meta":"","header-main-stick-meta":"","header-below-stick-meta":"","astra-migrate-meta-layouts":"default","ast-page-background-enabled":"default","ast-page-background-meta":{"desktop":{"background-color":"var(--ast-global-color-5)","background-image":"","background-repeat":"repeat","background-position":"center center","background-size":"auto","background-attachment":"scroll","background-type":"","background-media":"","overlay-type":"","overlay-color":"","overlay-opacity":"","overlay-gradient":""},"tablet":{"background-color":"","background-image":"","background-repeat":"repeat","background-position":"center center","background-size":"auto","background-attachment":"scroll","background-type":"","background-media":"","overlay-type":"","overlay-color":"","overlay-opacity":"","overlay-gradient":""},"mobile":{"background-color":"","background-image":"","background-repeat":"repeat","background-position":"center center","background-size":"auto","background-attachment":"scroll","background-type":"","background-media":"","overlay-type":"","overlay-color":"","overlay-opacity":"","overlay-gradient":""}},"ast-content-background-meta":{"desktop":{"background-color":"var(--ast-global-color-4)","background-image":"","background-repeat":"repeat","background-position":"center center","background-size":"auto","background-attachment":"scroll","background-type":"","background-media":"","overlay-type":"","overlay-color":"","overlay-opacity":"","overlay-gradient":""},"tablet":{"background-color":"var(--ast-global-color-4)","background-image":"","background-repeat":"repeat","background-position":"center center","background-size":"auto","background-attachment":"scroll","background-type":"","background-media":"","overlay-type":"","overlay-color":"","overlay-opacity":"","overlay-gradient":""},"mobile":{"background-color":"var(--ast-global-color-4)","background-image":"","background-repeat":"repeat","background-position":"center center","background-size":"auto","background-attachment":"scroll","background-type":"","background-media":"","overlay-type":"","overlay-color":"","overlay-opacity":"","overlay-gradient":""}},"advanced_seo_description":"","jetpack_seo_html_title":"","jetpack_seo_noindex":false,"footnotes":""},"class_list":["post-411","page","type-page","status-publish","hentry"],"uagb_featured_image_src":{"full":false,"thumbnail":false,"medium":false,"medium_large":false,"large":false,"1536x1536":false,"2048x2048":false},"uagb_author_info":{"display_name":"Maxime Cl\u00e9ment","author_link":"https:\/\/jeanpaulamette.fr\/blog\/author\/maximeclement\/"},"uagb_comment_info":0,"uagb_excerpt":"Le village de Saint PellerinDans ce paisible paysage, les arbres \u00e9lancent leurs silhouettes dans le ciel p\u00e2le.huile sur toile, 35 [&hellip;]","jetpack_shortlink":"https:\/\/wp.me\/PevoJv-6D","jetpack_sharing_enabled":true,"_links":{"self":[{"href":"https:\/\/jeanpaulamette.fr\/blog\/wp-json\/wp\/v2\/pages\/411","targetHints":{"allow":["GET"]}}],"collection":[{"href":"https:\/\/jeanpaulamette.fr\/blog\/wp-json\/wp\/v2\/pages"}],"about":[{"href":"https:\/\/jeanpaulamette.fr\/blog\/wp-json\/wp\/v2\/types\/page"}],"author":[{"embeddable":true,"href":"https:\/\/jeanpaulamette.fr\/blog\/wp-json\/wp\/v2\/users\/2"}],"replies":[{"embeddable":true,"href":"https:\/\/jeanpaulamette.fr\/blog\/wp-json\/wp\/v2\/comments?post=411"}],"version-history":[{"count":24,"href":"https:\/\/jeanpaulamette.fr\/blog\/wp-json\/wp\/v2\/pages\/411\/revisions"}],"predecessor-version":[{"id":820,"href":"https:\/\/jeanpaulamette.fr\/blog\/wp-json\/wp\/v2\/pages\/411\/revisions\/820"}],"wp:attachment":[{"href":"https:\/\/jeanpaulamette.fr\/blog\/wp-json\/wp\/v2\/media?parent=411"}],"curies":[{"name":"wp","href":"https:\/\/api.w.org\/{rel}","templated":true}]}}