{"id":449,"date":"2023-01-23T00:31:41","date_gmt":"2023-01-22T23:31:41","guid":{"rendered":"https:\/\/jeanpaulamette.fr\/blog\/?page_id=449"},"modified":"2023-01-28T10:31:30","modified_gmt":"2023-01-28T09:31:30","slug":"ete","status":"publish","type":"page","link":"https:\/\/jeanpaulamette.fr\/blog\/ete\/","title":{"rendered":"\u00c9t\u00e9"},"content":{"rendered":"\n<p><\/p>\n\n\n\n<div class=\"wp-block-columns are-vertically-aligned-center is-layout-flex wp-container-core-columns-is-layout-28f84493 wp-block-columns-is-layout-flex\">\n<div class=\"wp-block-column is-vertically-aligned-center is-layout-flow wp-block-column-is-layout-flow\">\n<div class=\"wp-block-group is-layout-constrained wp-block-group-is-layout-constrained\">\n<figure class=\"wp-block-image size-large\"><img data-recalc-dims=\"1\" loading=\"lazy\" decoding=\"async\" width=\"1024\" height=\"782\" src=\"https:\/\/i0.wp.com\/jeanpaulamette.fr\/blog\/wp-content\/uploads\/2023\/01\/Vannage-a-Douy.jpg?resize=1024%2C782&ssl=1\" alt=\"\" class=\"wp-image-628\" srcset=\"https:\/\/i0.wp.com\/jeanpaulamette.fr\/blog\/wp-content\/uploads\/2023\/01\/Vannage-a-Douy.jpg?resize=1024%2C782&ssl=1 1024w, https:\/\/i0.wp.com\/jeanpaulamette.fr\/blog\/wp-content\/uploads\/2023\/01\/Vannage-a-Douy.jpg?resize=300%2C229&ssl=1 300w, https:\/\/i0.wp.com\/jeanpaulamette.fr\/blog\/wp-content\/uploads\/2023\/01\/Vannage-a-Douy.jpg?resize=768%2C586&ssl=1 768w, https:\/\/i0.wp.com\/jeanpaulamette.fr\/blog\/wp-content\/uploads\/2023\/01\/Vannage-a-Douy.jpg?resize=1536%2C1173&ssl=1 1536w, https:\/\/i0.wp.com\/jeanpaulamette.fr\/blog\/wp-content\/uploads\/2023\/01\/Vannage-a-Douy.jpg?resize=2048%2C1563&ssl=1 2048w\" sizes=\"auto, (max-width: 1000px) 100vw, 1000px\" \/><\/figure>\n\n\n\n<p style=\"font-size:14px\"><em><strong>Vannage \u00e0 Douy<\/strong><\/em><br>En amont du moulin de Courgain, il y a une petite retenue d\u2019eau o\u00f9 fleurit le myosotis des<br>marais.<br><em>huile sur toile 24\u00d719 cm<\/em><\/p>\n\n\n\n<hr class=\"wp-block-separator has-alpha-channel-opacity\"\/>\n\n\n\n<div class=\"wp-block-columns is-layout-flex wp-container-core-columns-is-layout-28f84493 wp-block-columns-is-layout-flex\">\n<div class=\"wp-block-column is-layout-flow wp-block-column-is-layout-flow\">\n<figure class=\"wp-block-image size-large is-style-default\"><img data-recalc-dims=\"1\" loading=\"lazy\" decoding=\"async\" width=\"1024\" height=\"698\" src=\"https:\/\/i0.wp.com\/jeanpaulamette.fr\/blog\/wp-content\/uploads\/2023\/01\/Le-Chateau-de-Montigny-2.jpg?resize=1024%2C698&ssl=1\" alt=\"\" class=\"wp-image-626\" srcset=\"https:\/\/i0.wp.com\/jeanpaulamette.fr\/blog\/wp-content\/uploads\/2023\/01\/Le-Chateau-de-Montigny-2-scaled.jpg?resize=1024%2C698&ssl=1 1024w, https:\/\/i0.wp.com\/jeanpaulamette.fr\/blog\/wp-content\/uploads\/2023\/01\/Le-Chateau-de-Montigny-2-scaled.jpg?resize=300%2C205&ssl=1 300w, https:\/\/i0.wp.com\/jeanpaulamette.fr\/blog\/wp-content\/uploads\/2023\/01\/Le-Chateau-de-Montigny-2-scaled.jpg?resize=768%2C524&ssl=1 768w, https:\/\/i0.wp.com\/jeanpaulamette.fr\/blog\/wp-content\/uploads\/2023\/01\/Le-Chateau-de-Montigny-2-scaled.jpg?resize=1536%2C1047&ssl=1 1536w, https:\/\/i0.wp.com\/jeanpaulamette.fr\/blog\/wp-content\/uploads\/2023\/01\/Le-Chateau-de-Montigny-2-scaled.jpg?resize=2048%2C1396&ssl=1 2048w\" sizes=\"auto, (max-width: 1000px) 100vw, 1000px\" \/><\/figure>\n\n\n\n<p style=\"font-size:14px\"><strong><em>Le ch\u00e2teau de Montigny le Gannelon<br><\/em><\/strong>A la fin de l\u2019\u00e9t\u00e9, l\u2019intensit\u00e9 des verts diminue, les acacias, eux sont d\u00e9j\u00e0 tout jaunes.<em><br>huile sur toile, 27\u00d719 cm<\/em><\/p>\n<\/div>\n<\/div>\n\n\n\n<hr class=\"wp-block-separator has-alpha-channel-opacity\"\/>\n\n\n\n<div class=\"wp-block-columns is-layout-flex wp-container-core-columns-is-layout-28f84493 wp-block-columns-is-layout-flex\">\n<div class=\"wp-block-column is-layout-flow wp-block-column-is-layout-flow\">\n<figure class=\"wp-block-image size-large\"><img data-recalc-dims=\"1\" loading=\"lazy\" decoding=\"async\" width=\"1024\" height=\"741\" src=\"https:\/\/i0.wp.com\/jeanpaulamette.fr\/blog\/wp-content\/uploads\/2023\/01\/La-Sedelle-2.jpg?resize=1024%2C741&ssl=1\" alt=\"\" class=\"wp-image-624\" srcset=\"https:\/\/i0.wp.com\/jeanpaulamette.fr\/blog\/wp-content\/uploads\/2023\/01\/La-Sedelle-2-scaled.jpg?resize=1024%2C741&ssl=1 1024w, https:\/\/i0.wp.com\/jeanpaulamette.fr\/blog\/wp-content\/uploads\/2023\/01\/La-Sedelle-2-scaled.jpg?resize=300%2C217&ssl=1 300w, https:\/\/i0.wp.com\/jeanpaulamette.fr\/blog\/wp-content\/uploads\/2023\/01\/La-Sedelle-2-scaled.jpg?resize=768%2C556&ssl=1 768w, https:\/\/i0.wp.com\/jeanpaulamette.fr\/blog\/wp-content\/uploads\/2023\/01\/La-Sedelle-2-scaled.jpg?resize=1536%2C1111&ssl=1 1536w, https:\/\/i0.wp.com\/jeanpaulamette.fr\/blog\/wp-content\/uploads\/2023\/01\/La-Sedelle-2-scaled.jpg?resize=2048%2C1482&ssl=1 2048w\" sizes=\"auto, (max-width: 1000px) 100vw, 1000px\" \/><\/figure>\n\n\n\n<p style=\"font-size:14px\"><em><strong>La S\u00e9delle<\/strong><\/em><br>Dans ce paysage de Creuse, La S\u00e9delle se fraie un chemin parmi les rochers.<br><em>huile sur toile 81\u00d765 cm<\/em><\/p>\n\n\n\n<hr class=\"wp-block-separator has-alpha-channel-opacity\"\/>\n\n\n\n<div class=\"wp-block-columns is-layout-flex wp-container-core-columns-is-layout-28f84493 wp-block-columns-is-layout-flex\">\n<div class=\"wp-block-column is-layout-flow wp-block-column-is-layout-flow\">\n<figure class=\"wp-block-image size-large\"><img data-recalc-dims=\"1\" loading=\"lazy\" decoding=\"async\" width=\"1024\" height=\"807\" src=\"https:\/\/i0.wp.com\/jeanpaulamette.fr\/blog\/wp-content\/uploads\/2023\/01\/La-maison-abandonnee-2.jpg?resize=1024%2C807&ssl=1\" alt=\"\" class=\"wp-image-622\" srcset=\"https:\/\/i0.wp.com\/jeanpaulamette.fr\/blog\/wp-content\/uploads\/2023\/01\/La-maison-abandonnee-2.jpg?resize=1024%2C807&ssl=1 1024w, https:\/\/i0.wp.com\/jeanpaulamette.fr\/blog\/wp-content\/uploads\/2023\/01\/La-maison-abandonnee-2.jpg?resize=300%2C237&ssl=1 300w, https:\/\/i0.wp.com\/jeanpaulamette.fr\/blog\/wp-content\/uploads\/2023\/01\/La-maison-abandonnee-2.jpg?resize=768%2C606&ssl=1 768w, https:\/\/i0.wp.com\/jeanpaulamette.fr\/blog\/wp-content\/uploads\/2023\/01\/La-maison-abandonnee-2.jpg?resize=1536%2C1211&ssl=1 1536w, https:\/\/i0.wp.com\/jeanpaulamette.fr\/blog\/wp-content\/uploads\/2023\/01\/La-maison-abandonnee-2.jpg?resize=2048%2C1615&ssl=1 2048w\" sizes=\"auto, (max-width: 1000px) 100vw, 1000px\" \/><\/figure>\n\n\n\n<p style=\"font-size:14px\"><strong><em><strong>La maison abandonn\u00e9e<\/strong><\/em><br><\/strong>A Douy, cette apr\u00e8s-midi, je suis revenu voir la petite maison cach\u00e9e au fond des bois: elle \u00e9tait toujours endormie.<br><em>huile sur toile 81\u00d765 cm<\/em><\/p>\n<\/div>\n<\/div>\n<\/div>\n<\/div>\n<\/div>\n<\/div>\n\n\n\n<div class=\"wp-block-column is-vertically-aligned-center is-layout-flow wp-block-column-is-layout-flow\">\n<div class=\"wp-block-group is-layout-constrained wp-block-group-is-layout-constrained\">\n<div style=\"height:100px\" aria-hidden=\"true\" class=\"wp-block-spacer\"><\/div>\n\n\n\n<div class=\"wp-block-columns is-layout-flex wp-container-core-columns-is-layout-28f84493 wp-block-columns-is-layout-flex\">\n<div class=\"wp-block-column is-layout-flow wp-block-column-is-layout-flow\">\n<figure class=\"wp-block-image size-large\"><img data-recalc-dims=\"1\" loading=\"lazy\" decoding=\"async\" width=\"1024\" height=\"762\" src=\"https:\/\/i0.wp.com\/jeanpaulamette.fr\/blog\/wp-content\/uploads\/2023\/01\/St-Pellerin-depuis-Courtalain.jpg?resize=1024%2C762&ssl=1\" alt=\"\" class=\"wp-image-627\" srcset=\"https:\/\/i0.wp.com\/jeanpaulamette.fr\/blog\/wp-content\/uploads\/2023\/01\/St-Pellerin-depuis-Courtalain-scaled.jpg?resize=1024%2C762&ssl=1 1024w, https:\/\/i0.wp.com\/jeanpaulamette.fr\/blog\/wp-content\/uploads\/2023\/01\/St-Pellerin-depuis-Courtalain-scaled.jpg?resize=300%2C223&ssl=1 300w, https:\/\/i0.wp.com\/jeanpaulamette.fr\/blog\/wp-content\/uploads\/2023\/01\/St-Pellerin-depuis-Courtalain-scaled.jpg?resize=768%2C571&ssl=1 768w, https:\/\/i0.wp.com\/jeanpaulamette.fr\/blog\/wp-content\/uploads\/2023\/01\/St-Pellerin-depuis-Courtalain-scaled.jpg?resize=1536%2C1143&ssl=1 1536w, https:\/\/i0.wp.com\/jeanpaulamette.fr\/blog\/wp-content\/uploads\/2023\/01\/St-Pellerin-depuis-Courtalain-scaled.jpg?resize=2048%2C1524&ssl=1 2048w\" sizes=\"auto, (max-width: 1000px) 100vw, 1000px\" \/><\/figure>\n\n\n\n<p style=\"font-size:14px\"><strong><em>Saint Pellerin depuis Courtalain<\/em><\/strong><br>Sous les chauds rayons du soleil, on aper\u00e7oit le petit village de Saint Pellerin juch\u00e9 sur la colline.<br><em>huile sur toile 14\u00d718 cm.<\/em><\/p>\n<\/div>\n<\/div>\n\n\n\n<hr class=\"wp-block-separator has-alpha-channel-opacity\"\/>\n\n\n\n<div class=\"wp-block-columns is-layout-flex wp-container-core-columns-is-layout-28f84493 wp-block-columns-is-layout-flex\">\n<div class=\"wp-block-column is-layout-flow wp-block-column-is-layout-flow\">\n<figure class=\"wp-block-image size-large\"><img data-recalc-dims=\"1\" loading=\"lazy\" decoding=\"async\" width=\"1024\" height=\"773\" src=\"https:\/\/i0.wp.com\/jeanpaulamette.fr\/blog\/wp-content\/uploads\/2023\/01\/La-Sedelle.jpg?resize=1024%2C773&ssl=1\" alt=\"\" class=\"wp-image-625\" srcset=\"https:\/\/i0.wp.com\/jeanpaulamette.fr\/blog\/wp-content\/uploads\/2023\/01\/La-Sedelle.jpg?resize=1024%2C773&ssl=1 1024w, https:\/\/i0.wp.com\/jeanpaulamette.fr\/blog\/wp-content\/uploads\/2023\/01\/La-Sedelle.jpg?resize=300%2C226&ssl=1 300w, https:\/\/i0.wp.com\/jeanpaulamette.fr\/blog\/wp-content\/uploads\/2023\/01\/La-Sedelle.jpg?resize=768%2C580&ssl=1 768w, https:\/\/i0.wp.com\/jeanpaulamette.fr\/blog\/wp-content\/uploads\/2023\/01\/La-Sedelle.jpg?resize=1536%2C1159&ssl=1 1536w, https:\/\/i0.wp.com\/jeanpaulamette.fr\/blog\/wp-content\/uploads\/2023\/01\/La-Sedelle.jpg?resize=2048%2C1546&ssl=1 2048w\" sizes=\"auto, (max-width: 1000px) 100vw, 1000px\" \/><\/figure>\n\n\n\n<p style=\"font-size:14px\"><em><strong>La S\u00e9delle<\/strong><\/em><br>Il y a toujours<em>\u00a0<\/em>un peu de myst\u00e8re dans la p\u00e9nombre des sous-bois, et j\u2019aime m\u2019y promener en \u00e9coutant ici le murmure de l\u2019eau.<br><em>huile sur toile 35\u00d727 cm<\/em>.<\/p>\n<\/div>\n<\/div>\n\n\n\n<hr class=\"wp-block-separator has-alpha-channel-opacity\"\/>\n\n\n\n<figure class=\"wp-block-image size-large\"><img data-recalc-dims=\"1\" loading=\"lazy\" decoding=\"async\" width=\"765\" height=\"1024\" src=\"https:\/\/i0.wp.com\/jeanpaulamette.fr\/blog\/wp-content\/uploads\/2023\/01\/La-maison-abandonnee.jpg?resize=765%2C1024&ssl=1\" alt=\"\" class=\"wp-image-623\" srcset=\"https:\/\/i0.wp.com\/jeanpaulamette.fr\/blog\/wp-content\/uploads\/2023\/01\/La-maison-abandonnee.jpg?resize=765%2C1024&ssl=1 765w, https:\/\/i0.wp.com\/jeanpaulamette.fr\/blog\/wp-content\/uploads\/2023\/01\/La-maison-abandonnee.jpg?resize=224%2C300&ssl=1 224w, https:\/\/i0.wp.com\/jeanpaulamette.fr\/blog\/wp-content\/uploads\/2023\/01\/La-maison-abandonnee.jpg?resize=768%2C1029&ssl=1 768w, https:\/\/i0.wp.com\/jeanpaulamette.fr\/blog\/wp-content\/uploads\/2023\/01\/La-maison-abandonnee.jpg?resize=1147%2C1536&ssl=1 1147w, https:\/\/i0.wp.com\/jeanpaulamette.fr\/blog\/wp-content\/uploads\/2023\/01\/La-maison-abandonnee.jpg?resize=1529%2C2048&ssl=1 1529w, https:\/\/i0.wp.com\/jeanpaulamette.fr\/blog\/wp-content\/uploads\/2023\/01\/La-maison-abandonnee.jpg?w=1910&ssl=1 1910w\" sizes=\"auto, (max-width: 765px) 100vw, 765px\" \/><\/figure>\n\n\n\n<p style=\"font-size:14px\"><strong><em>La maison abandonn\u00e9e<br><\/em><\/strong>En fin de matin\u00e9e, soleil, nuages ; et tout \u00e0 coup, \u00e0 travers les arbres, la lumi\u00e8re douce \u00e0 \u00e9clair\u00e9 tout le paysage.<em><br>huile sur toile, 65\u00d754 cm<\/em><\/p>\n<\/div>\n<\/div>\n<\/div>\n","protected":false},"excerpt":{"rendered":"<p>Vannage \u00e0 DouyEn amont du moulin de Courgain, il y a une petite retenue d\u2019eau o\u00f9 fleurit le myosotis desmarais.huile [&hellip;]<\/p>\n","protected":false},"author":2,"featured_media":0,"parent":0,"menu_order":0,"comment_status":"closed","ping_status":"closed","template":"","meta":{"_uag_custom_page_level_css":"","site-sidebar-layout":"default","site-content-layout":"","ast-site-content-layout":"default","site-content-style":"default","site-sidebar-style":"default","ast-global-header-display":"","ast-banner-title-visibility":"","ast-main-header-display":"","ast-hfb-above-header-display":"","ast-hfb-below-header-display":"","ast-hfb-mobile-header-display":"","site-post-title":"","ast-breadcrumbs-content":"","ast-featured-img":"","footer-sml-layout":"","ast-disable-related-posts":"","theme-transparent-header-meta":"","adv-header-id-meta":"","stick-header-meta":"","header-above-stick-meta":"","header-main-stick-meta":"","header-below-stick-meta":"","astra-migrate-meta-layouts":"default","ast-page-background-enabled":"default","ast-page-background-meta":{"desktop":{"background-color":"var(--ast-global-color-5)","background-image":"","background-repeat":"repeat","background-position":"center center","background-size":"auto","background-attachment":"scroll","background-type":"","background-media":"","overlay-type":"","overlay-color":"","overlay-opacity":"","overlay-gradient":""},"tablet":{"background-color":"","background-image":"","background-repeat":"repeat","background-position":"center center","background-size":"auto","background-attachment":"scroll","background-type":"","background-media":"","overlay-type":"","overlay-color":"","overlay-opacity":"","overlay-gradient":""},"mobile":{"background-color":"","background-image":"","background-repeat":"repeat","background-position":"center center","background-size":"auto","background-attachment":"scroll","background-type":"","background-media":"","overlay-type":"","overlay-color":"","overlay-opacity":"","overlay-gradient":""}},"ast-content-background-meta":{"desktop":{"background-color":"var(--ast-global-color-4)","background-image":"","background-repeat":"repeat","background-position":"center center","background-size":"auto","background-attachment":"scroll","background-type":"","background-media":"","overlay-type":"","overlay-color":"","overlay-opacity":"","overlay-gradient":""},"tablet":{"background-color":"var(--ast-global-color-4)","background-image":"","background-repeat":"repeat","background-position":"center center","background-size":"auto","background-attachment":"scroll","background-type":"","background-media":"","overlay-type":"","overlay-color":"","overlay-opacity":"","overlay-gradient":""},"mobile":{"background-color":"var(--ast-global-color-4)","background-image":"","background-repeat":"repeat","background-position":"center center","background-size":"auto","background-attachment":"scroll","background-type":"","background-media":"","overlay-type":"","overlay-color":"","overlay-opacity":"","overlay-gradient":""}},"advanced_seo_description":"","jetpack_seo_html_title":"","jetpack_seo_noindex":false,"footnotes":""},"class_list":["post-449","page","type-page","status-publish","hentry"],"uagb_featured_image_src":{"full":false,"thumbnail":false,"medium":false,"medium_large":false,"large":false,"1536x1536":false,"2048x2048":false},"uagb_author_info":{"display_name":"Maxime Cl\u00e9ment","author_link":"https:\/\/jeanpaulamette.fr\/blog\/author\/maximeclement\/"},"uagb_comment_info":0,"uagb_excerpt":"Vannage \u00e0 DouyEn amont du moulin de Courgain, il y a une petite retenue d\u2019eau o\u00f9 fleurit le myosotis desmarais.huile [&hellip;]","jetpack_shortlink":"https:\/\/wp.me\/PevoJv-7f","jetpack_sharing_enabled":true,"_links":{"self":[{"href":"https:\/\/jeanpaulamette.fr\/blog\/wp-json\/wp\/v2\/pages\/449","targetHints":{"allow":["GET"]}}],"collection":[{"href":"https:\/\/jeanpaulamette.fr\/blog\/wp-json\/wp\/v2\/pages"}],"about":[{"href":"https:\/\/jeanpaulamette.fr\/blog\/wp-json\/wp\/v2\/types\/page"}],"author":[{"embeddable":true,"href":"https:\/\/jeanpaulamette.fr\/blog\/wp-json\/wp\/v2\/users\/2"}],"replies":[{"embeddable":true,"href":"https:\/\/jeanpaulamette.fr\/blog\/wp-json\/wp\/v2\/comments?post=449"}],"version-history":[{"count":8,"href":"https:\/\/jeanpaulamette.fr\/blog\/wp-json\/wp\/v2\/pages\/449\/revisions"}],"predecessor-version":[{"id":814,"href":"https:\/\/jeanpaulamette.fr\/blog\/wp-json\/wp\/v2\/pages\/449\/revisions\/814"}],"wp:attachment":[{"href":"https:\/\/jeanpaulamette.fr\/blog\/wp-json\/wp\/v2\/media?parent=449"}],"curies":[{"name":"wp","href":"https:\/\/api.w.org\/{rel}","templated":true}]}}